{"id":4191,"date":"2021-01-29T11:24:52","date_gmt":"2021-01-29T14:24:52","guid":{"rendered":"http:\/\/www.petratribute.com\/wp\/?page_id=4191"},"modified":"2021-04-08T13:46:34","modified_gmt":"2021-04-08T16:46:34","slug":"2011-2012-back-to-the-rock-live","status":"publish","type":"page","link":"https:\/\/www.petratribute.com\/wp\/discografia\/albuns\/2010-a-2019\/2011-2012-back-to-the-rock-live\/","title":{"rendered":"2011-2012 &#8211; Back to the Rock Live"},"content":{"rendered":"<div id=\"audioigniter-4194\" class=\"audioigniter-root \" data-player-type=\"full\" data-tracks-url=\"https:\/\/www.petratribute.com\/wp\/?audioigniter_playlist_id=4194\" data-display-track-no=\"true\" data-reverse-track-order=\"false\" data-display-tracklist-covers=\"false\" data-display-active-cover=\"false\" data-display-artist-names=\"false\" data-display-buy-buttons=\"true\" data-buy-buttons-target=\"false\" data-cycle-tracks=\"false\" data-display-credits=\"true\" data-display-tracklist=\"true\" data-allow-tracklist-toggle=\"true\" data-allow-tracklist-loop=\"true\" data-limit-tracklist-height=\"true\" data-volume=\"100\" data-tracklist-height=\"185\" ><\/div>\n<p><a href=\"http:\/\/www.petratribute.com\/wp\/wp-content\/uploads\/2021\/01\/Classic-Petra-Back-To-The-Rock-Live-2011.01.jpg\"><img loading=\"lazy\" decoding=\"async\" class=\"alignnone size-medium wp-image-4200\" src=\"http:\/\/www.petratribute.com\/wp\/wp-content\/uploads\/2021\/01\/Classic-Petra-Back-To-The-Rock-Live-2011.01-300x297.jpg\" alt=\"\" width=\"300\" height=\"297\" srcset=\"https:\/\/www.petratribute.com\/wp\/wp-content\/uploads\/2021\/01\/Classic-Petra-Back-To-The-Rock-Live-2011.01-300x297.jpg 300w, https:\/\/www.petratribute.com\/wp\/wp-content\/uploads\/2021\/01\/Classic-Petra-Back-To-The-Rock-Live-2011.01-1024x1015.jpg 1024w, https:\/\/www.petratribute.com\/wp\/wp-content\/uploads\/2021\/01\/Classic-Petra-Back-To-The-Rock-Live-2011.01-150x150.jpg 150w, https:\/\/www.petratribute.com\/wp\/wp-content\/uploads\/2021\/01\/Classic-Petra-Back-To-The-Rock-Live-2011.01-768x762.jpg 768w, https:\/\/www.petratribute.com\/wp\/wp-content\/uploads\/2021\/01\/Classic-Petra-Back-To-The-Rock-Live-2011.01.jpg 1423w\" sizes=\"auto, (max-width: 300px) 100vw, 300px\" \/><\/a><a href=\"http:\/\/www.petratribute.com\/wp\/wp-content\/uploads\/2021\/01\/Classic-Petra-Back-To-The-Rock-Live-2011.03-e1611941316133.jpg\"><img loading=\"lazy\" decoding=\"async\" class=\"alignnone wp-image-4199\" src=\"http:\/\/www.petratribute.com\/wp\/wp-content\/uploads\/2021\/01\/Classic-Petra-Back-To-The-Rock-Live-2011.03-e1611941316133-300x251.jpg\" alt=\"\" width=\"354\" height=\"296\" srcset=\"https:\/\/www.petratribute.com\/wp\/wp-content\/uploads\/2021\/01\/Classic-Petra-Back-To-The-Rock-Live-2011.03-e1611941316133-300x251.jpg 300w, https:\/\/www.petratribute.com\/wp\/wp-content\/uploads\/2021\/01\/Classic-Petra-Back-To-The-Rock-Live-2011.03-e1611941316133.jpg 502w\" sizes=\"auto, (max-width: 354px) 100vw, 354px\" \/><\/a><a href=\"http:\/\/www.petratribute.com\/wp\/wp-content\/uploads\/2021\/01\/Classic-Petra-Back-To-The-Rock-Live-Expanded-2011-2012.01.jpg\"><img loading=\"lazy\" decoding=\"async\" class=\"alignnone size-medium wp-image-4148\" src=\"http:\/\/www.petratribute.com\/wp\/wp-content\/uploads\/2021\/01\/Classic-Petra-Back-To-The-Rock-Live-Expanded-2011-2012.01-300x300.jpg\" alt=\"\" width=\"300\" height=\"300\" srcset=\"https:\/\/www.petratribute.com\/wp\/wp-content\/uploads\/2021\/01\/Classic-Petra-Back-To-The-Rock-Live-Expanded-2011-2012.01-300x300.jpg 300w, https:\/\/www.petratribute.com\/wp\/wp-content\/uploads\/2021\/01\/Classic-Petra-Back-To-The-Rock-Live-Expanded-2011-2012.01-150x150.jpg 150w, https:\/\/www.petratribute.com\/wp\/wp-content\/uploads\/2021\/01\/Classic-Petra-Back-To-The-Rock-Live-Expanded-2011-2012.01-560x560.jpg 560w, https:\/\/www.petratribute.com\/wp\/wp-content\/uploads\/2021\/01\/Classic-Petra-Back-To-The-Rock-Live-Expanded-2011-2012.01.jpg 600w\" sizes=\"auto, (max-width: 300px) 100vw, 300px\" \/><\/a><a href=\"http:\/\/www.petratribute.com\/wp\/wp-content\/uploads\/2021\/01\/Classic-Petra-Back-To-The-Rock-Live-Expanded-2011-2012.04-e1611702660593.jpg\"><img loading=\"lazy\" decoding=\"async\" class=\"alignnone wp-image-4149\" src=\"http:\/\/www.petratribute.com\/wp\/wp-content\/uploads\/2021\/01\/Classic-Petra-Back-To-The-Rock-Live-Expanded-2011-2012.04-e1611702660593-300x256.jpg\" alt=\"\" width=\"351\" height=\"299\" srcset=\"https:\/\/www.petratribute.com\/wp\/wp-content\/uploads\/2021\/01\/Classic-Petra-Back-To-The-Rock-Live-Expanded-2011-2012.04-e1611702660593-300x256.jpg 300w, https:\/\/www.petratribute.com\/wp\/wp-content\/uploads\/2021\/01\/Classic-Petra-Back-To-The-Rock-Live-Expanded-2011-2012.04-e1611702660593.jpg 703w\" sizes=\"auto, (max-width: 351px) 100vw, 351px\" \/><\/a><\/p>\n<p>&nbsp;<\/p>\n<p>Back To The Rock Live \u00e9 o 23\u00ba \u00e1lbum da banda e seu 3\u00ba \u00e1lbum &#8220;ao vivo&#8221;, lan\u00e7ado em 2011.<\/p>\n<p>A setlist de\u00a0<em>Back to the Rock Live<\/em> \u00e9 praticamente a mesma da vers\u00e3o do \u00e1lbum de est\u00fadio, com um diferencial apenas para algumas pequenas altera\u00e7\u00f5es nos arranjos. Este registro tamb\u00e9m foi lan\u00e7ado em uma vers\u00e3o expandida. A diferen\u00e7a desta vers\u00e3o para a expandida, al\u00e9m da arte do \u00e1lbum \u00e9 que esta vers\u00e3o tem fade out em quase todas faixas, desta forma parte das falas e de 3 m\u00fasicas ficaram menores. J\u00e1 vers\u00e3o expandida o \u00e1udio est\u00e1 completo sendo praticamente mesmo \u00e1udio do DVD apenas sem as imagens.<\/p>\n<p>Assim como no seu 1\u00ba \u00e1lbum auto- intitulado Petra (1974) Double Take (2000), Farewell (2005) esse \u00e1lbum n\u00e3o tr\u00e1s as letras das can\u00e7\u00f5es impressas no encarte do cd.<\/p>\n<p>Este \u00e1lbum \u00e9 a vers\u00e3o ao vivo do \u00e1lbum de est\u00fadio \u201cBack To The Rock\u201d o \u00e1lbum traz participa\u00e7\u00e3o de Greg Bailey conduzindo os arranjos de cordas na m\u00fasica \u201cGrave Robber\u201d al\u00e9m da performance da banda ao vivo o \u00e1lbum ao vivo tamb\u00e9m originou o DVD duplo \u201cBack To The Rock Live\u201d com show e document\u00e1rio sobre a banda contando toda sua trajet\u00f3ria musical e ministerial. Por ser tratar de um \u00e1lbum ao vivo poderia ter um solo de cada membro da banda como eles fizeram no \u201cCaptured In Time &amp; Space\u201d<\/p>\n<p>Existem quatro lan\u00e7amentos diferentes para este DVD:<\/p>\n<p>&#8211; A primeira temporada foi produzida para ser vendida no Cornerstone Festival 2011, onde Classic Petra se apresentou em 30 de junho de 2011. Esta corrida foi fabricada pela DurikAdvertising. Este lan\u00e7amento foi duplicado em vez de replicado, o que significa que a qualidade \u00e9 inferior. Al\u00e9m disso, faltam os cap\u00edtulos do document\u00e1rio. Esta foi uma tiragem limitada e estava dispon\u00edvel apenas no Festival Cornerstone.<br \/>\n&#8211; O segundo lan\u00e7amento que estava dispon\u00edvel para venda no classicpetra.com de 08 de julho de 2011 tamb\u00e9m foi fabricado pela DurikAdvertising, mas o menu do segundo disco foi corrigido.<br \/>\n&#8211; O terceiro lan\u00e7amento \u00e9 o lan\u00e7amento de varejo, distribu\u00eddo P-ID Blue. Ele \u00e9 replicado corretamente e tem cr\u00e9ditos de distribui\u00e7\u00e3o adicionais. Foi lan\u00e7ado em 20 de setembro de 2011.<br \/>\n&#8211; O quarto lan\u00e7amento \u00e9 o lan\u00e7amento do disco blu-ray. Apenas o show ao vivo est\u00e1 em blu-ray. O document\u00e1rio \u00e9 adicionado como um DVD. Isso s\u00f3 estava dispon\u00edvel em classicpetra.com. A data de compra mais antiga conhecida \u00e9 26 de outubro de 2011, mas provavelmente j\u00e1 estava dispon\u00edvel.<\/p>\n<p>Petra Cl\u00e1ssico:<br \/>\nBob Hartman &#8211; Guitarras e backing vocal<br \/>\nGreg X. Volz &#8211; Vocais<br \/>\nJohn Lawry &#8211; Teclados e backing vocal<br \/>\nLouie Weaver &#8211; Bateria<br \/>\nMark Kelly &#8211; Baixo e backing vocal<\/p>\n<p>Detalhes de produ\u00e7\u00e3o &#8220;Live Show&#8221;<br \/>\nTrilha sonora produzida por John Lawry<br \/>\nEngenheiro de rastreamento ao vivo: Greg Malenovsky<br \/>\nEngenheiro de edi\u00e7\u00e3o e rastreamento de est\u00fadio: John Lawry<br \/>\nEngenheiro de mixagem: John Jaszcz<br \/>\n2\u00ba engenheiro: Jon Blass e John Lawry<br \/>\nMasteriza\u00e7\u00e3o da trilha sonora: John Lawry Productions<br \/>\nMaestro: Greg Bailey<br \/>\nFilmado no Trinity City Music Hall, Hendersonville, TN, 20 de novembro de 2010<\/p>\n<p><span style=\"color: #000000;\"><strong>| Gravadora: Sony Music |<\/strong><\/span><br \/>\n<iframe loading=\"lazy\" src=\" http:\/\/www.petratribute.com\/wp\/wp-content\/uploads\/2021\/04\/PETRA-BACK-TO-THE-ROCK-LIVE-2011-2012.pdf\" width=\"100%\" height=\"800\"><span data-mce-type=\"bookmark\" style=\"display: inline-block; width: 0px; overflow: hidden; line-height: 0;\" class=\"mce_SELRES_start\"><\/span><\/iframe><\/p>\n","protected":false},"excerpt":{"rendered":"<p>&nbsp; Back To The Rock Live \u00e9 o 23\u00ba \u00e1lbum da banda e seu 3\u00ba \u00e1lbum &#8220;ao vivo&#8221;, lan\u00e7ado em 2011. A setlist de\u00a0Back to the Rock Live \u00e9 praticamente a mesma da vers\u00e3o do \u00e1lbum de est\u00fadio, com um diferencial apenas para algumas pequenas altera\u00e7\u00f5es nos arranjos. Este registro tamb\u00e9m foi lan\u00e7ado em uma &hellip; <\/p>\n<p><a class=\"more-link btn\" href=\"https:\/\/www.petratribute.com\/wp\/discografia\/albuns\/2010-a-2019\/2011-2012-back-to-the-rock-live\/\">Continue lendo<\/a><\/p>\n","protected":false},"author":2,"featured_media":0,"parent":2307,"menu_order":1,"comment_status":"closed","ping_status":"closed","template":"","meta":{"footnotes":""},"class_list":["post-4191","page","type-page","status-publish","hentry","nodate","item-wrap"],"yoast_head":"<!-- This site is optimized with the Yoast SEO plugin v27.2 - https:\/\/yoast.com\/product\/yoast-seo-wordpress\/ -->\n<title>2011-2012 - Back to the Rock Live - Petra Tribute<\/title>\n<meta name=\"robots\" content=\"index, follow, max-snippet:-1, max-image-preview:large, max-video-preview:-1\" \/>\n<link rel=\"canonical\" href=\"https:\/\/www.petratribute.com\/wp\/discografia\/albuns\/2010-a-2019\/2011-2012-back-to-the-rock-live\/\" \/>\n<meta property=\"og:locale\" content=\"pt_BR\" \/>\n<meta property=\"og:type\" content=\"article\" \/>\n<meta property=\"og:title\" content=\"2011-2012 - Back to the Rock Live - Petra Tribute\" \/>\n<meta property=\"og:description\" content=\"&nbsp; Back To The Rock Live \u00e9 o 23\u00ba \u00e1lbum da banda e seu 3\u00ba \u00e1lbum &#8220;ao vivo&#8221;, lan\u00e7ado em 2011. A setlist de\u00a0Back to the Rock Live \u00e9 praticamente a mesma da vers\u00e3o do \u00e1lbum de est\u00fadio, com um diferencial apenas para algumas pequenas altera\u00e7\u00f5es nos arranjos. Este registro tamb\u00e9m foi lan\u00e7ado em uma &hellip; Continue lendo\" \/>\n<meta property=\"og:url\" content=\"https:\/\/www.petratribute.com\/wp\/discografia\/albuns\/2010-a-2019\/2011-2012-back-to-the-rock-live\/\" \/>\n<meta property=\"og:site_name\" content=\"Petra Tribute\" \/>\n<meta property=\"article:modified_time\" content=\"2021-04-08T16:46:34+00:00\" \/>\n<meta property=\"og:image\" content=\"http:\/\/www.petratribute.com\/wp\/wp-content\/uploads\/2021\/01\/Classic-Petra-Back-To-The-Rock-Live-2011.01-300x297.jpg\" \/>\n<meta name=\"twitter:card\" content=\"summary_large_image\" \/>\n<meta name=\"twitter:label1\" content=\"Est. tempo de leitura\" \/>\n\t<meta name=\"twitter:data1\" content=\"3 minutos\" \/>\n<script type=\"application\/ld+json\" class=\"yoast-schema-graph\">{\"@context\":\"https:\/\/schema.org\",\"@graph\":[{\"@type\":\"WebPage\",\"@id\":\"https:\/\/www.petratribute.com\/wp\/discografia\/albuns\/2010-a-2019\/2011-2012-back-to-the-rock-live\/\",\"url\":\"https:\/\/www.petratribute.com\/wp\/discografia\/albuns\/2010-a-2019\/2011-2012-back-to-the-rock-live\/\",\"name\":\"2011-2012 - Back to the Rock Live - Petra Tribute\",\"isPartOf\":{\"@id\":\"https:\/\/www.petratribute.com\/wp\/#website\"},\"primaryImageOfPage\":{\"@id\":\"https:\/\/www.petratribute.com\/wp\/discografia\/albuns\/2010-a-2019\/2011-2012-back-to-the-rock-live\/#primaryimage\"},\"image\":{\"@id\":\"https:\/\/www.petratribute.com\/wp\/discografia\/albuns\/2010-a-2019\/2011-2012-back-to-the-rock-live\/#primaryimage\"},\"thumbnailUrl\":\"http:\/\/www.petratribute.com\/wp\/wp-content\/uploads\/2021\/01\/Classic-Petra-Back-To-The-Rock-Live-2011.01-300x297.jpg\",\"datePublished\":\"2021-01-29T14:24:52+00:00\",\"dateModified\":\"2021-04-08T16:46:34+00:00\",\"breadcrumb\":{\"@id\":\"https:\/\/www.petratribute.com\/wp\/discografia\/albuns\/2010-a-2019\/2011-2012-back-to-the-rock-live\/#breadcrumb\"},\"inLanguage\":\"pt-BR\",\"potentialAction\":[{\"@type\":\"ReadAction\",\"target\":[\"https:\/\/www.petratribute.com\/wp\/discografia\/albuns\/2010-a-2019\/2011-2012-back-to-the-rock-live\/\"]}]},{\"@type\":\"ImageObject\",\"inLanguage\":\"pt-BR\",\"@id\":\"https:\/\/www.petratribute.com\/wp\/discografia\/albuns\/2010-a-2019\/2011-2012-back-to-the-rock-live\/#primaryimage\",\"url\":\"https:\/\/www.petratribute.com\/wp\/wp-content\/uploads\/2021\/01\/Classic-Petra-Back-To-The-Rock-Live-2011.01.jpg\",\"contentUrl\":\"https:\/\/www.petratribute.com\/wp\/wp-content\/uploads\/2021\/01\/Classic-Petra-Back-To-The-Rock-Live-2011.01.jpg\",\"width\":1423,\"height\":1411},{\"@type\":\"BreadcrumbList\",\"@id\":\"https:\/\/www.petratribute.com\/wp\/discografia\/albuns\/2010-a-2019\/2011-2012-back-to-the-rock-live\/#breadcrumb\",\"itemListElement\":[{\"@type\":\"ListItem\",\"position\":1,\"name\":\"In\u00edcio\",\"item\":\"https:\/\/www.petratribute.com\/wp\/\"},{\"@type\":\"ListItem\",\"position\":2,\"name\":\"Discografia\",\"item\":\"https:\/\/www.petratribute.com\/wp\/discografia\/\"},{\"@type\":\"ListItem\",\"position\":3,\"name\":\"\u00c1lbuns\",\"item\":\"https:\/\/www.petratribute.com\/wp\/discografia\/albuns\/\"},{\"@type\":\"ListItem\",\"position\":4,\"name\":\"2010 a 2019\",\"item\":\"https:\/\/www.petratribute.com\/wp\/discografia\/albuns\/2010-a-2019\/\"},{\"@type\":\"ListItem\",\"position\":5,\"name\":\"2011-2012 &#8211; Back to the Rock Live\"}]},{\"@type\":\"WebSite\",\"@id\":\"https:\/\/www.petratribute.com\/wp\/#website\",\"url\":\"https:\/\/www.petratribute.com\/wp\/\",\"name\":\"Petra Tribute\",\"description\":\"Um tributo a melhor banda de Rock Gospel de todos os tempos\",\"potentialAction\":[{\"@type\":\"SearchAction\",\"target\":{\"@type\":\"EntryPoint\",\"urlTemplate\":\"https:\/\/www.petratribute.com\/wp\/?s={search_term_string}\"},\"query-input\":{\"@type\":\"PropertyValueSpecification\",\"valueRequired\":true,\"valueName\":\"search_term_string\"}}],\"inLanguage\":\"pt-BR\"}]}<\/script>\n<!-- \/ Yoast SEO plugin. -->","yoast_head_json":{"title":"2011-2012 - Back to the Rock Live - Petra Tribute","robots":{"index":"index","follow":"follow","max-snippet":"max-snippet:-1","max-image-preview":"max-image-preview:large","max-video-preview":"max-video-preview:-1"},"canonical":"https:\/\/www.petratribute.com\/wp\/discografia\/albuns\/2010-a-2019\/2011-2012-back-to-the-rock-live\/","og_locale":"pt_BR","og_type":"article","og_title":"2011-2012 - Back to the Rock Live - Petra Tribute","og_description":"&nbsp; Back To The Rock Live \u00e9 o 23\u00ba \u00e1lbum da banda e seu 3\u00ba \u00e1lbum &#8220;ao vivo&#8221;, lan\u00e7ado em 2011. A setlist de\u00a0Back to the Rock Live \u00e9 praticamente a mesma da vers\u00e3o do \u00e1lbum de est\u00fadio, com um diferencial apenas para algumas pequenas altera\u00e7\u00f5es nos arranjos. Este registro tamb\u00e9m foi lan\u00e7ado em uma &hellip; Continue lendo","og_url":"https:\/\/www.petratribute.com\/wp\/discografia\/albuns\/2010-a-2019\/2011-2012-back-to-the-rock-live\/","og_site_name":"Petra Tribute","article_modified_time":"2021-04-08T16:46:34+00:00","og_image":[{"url":"http:\/\/www.petratribute.com\/wp\/wp-content\/uploads\/2021\/01\/Classic-Petra-Back-To-The-Rock-Live-2011.01-300x297.jpg","type":"","width":"","height":""}],"twitter_card":"summary_large_image","twitter_misc":{"Est. tempo de leitura":"3 minutos"},"schema":{"@context":"https:\/\/schema.org","@graph":[{"@type":"WebPage","@id":"https:\/\/www.petratribute.com\/wp\/discografia\/albuns\/2010-a-2019\/2011-2012-back-to-the-rock-live\/","url":"https:\/\/www.petratribute.com\/wp\/discografia\/albuns\/2010-a-2019\/2011-2012-back-to-the-rock-live\/","name":"2011-2012 - Back to the Rock Live - Petra Tribute","isPartOf":{"@id":"https:\/\/www.petratribute.com\/wp\/#website"},"primaryImageOfPage":{"@id":"https:\/\/www.petratribute.com\/wp\/discografia\/albuns\/2010-a-2019\/2011-2012-back-to-the-rock-live\/#primaryimage"},"image":{"@id":"https:\/\/www.petratribute.com\/wp\/discografia\/albuns\/2010-a-2019\/2011-2012-back-to-the-rock-live\/#primaryimage"},"thumbnailUrl":"http:\/\/www.petratribute.com\/wp\/wp-content\/uploads\/2021\/01\/Classic-Petra-Back-To-The-Rock-Live-2011.01-300x297.jpg","datePublished":"2021-01-29T14:24:52+00:00","dateModified":"2021-04-08T16:46:34+00:00","breadcrumb":{"@id":"https:\/\/www.petratribute.com\/wp\/discografia\/albuns\/2010-a-2019\/2011-2012-back-to-the-rock-live\/#breadcrumb"},"inLanguage":"pt-BR","potentialAction":[{"@type":"ReadAction","target":["https:\/\/www.petratribute.com\/wp\/discografia\/albuns\/2010-a-2019\/2011-2012-back-to-the-rock-live\/"]}]},{"@type":"ImageObject","inLanguage":"pt-BR","@id":"https:\/\/www.petratribute.com\/wp\/discografia\/albuns\/2010-a-2019\/2011-2012-back-to-the-rock-live\/#primaryimage","url":"https:\/\/www.petratribute.com\/wp\/wp-content\/uploads\/2021\/01\/Classic-Petra-Back-To-The-Rock-Live-2011.01.jpg","contentUrl":"https:\/\/www.petratribute.com\/wp\/wp-content\/uploads\/2021\/01\/Classic-Petra-Back-To-The-Rock-Live-2011.01.jpg","width":1423,"height":1411},{"@type":"BreadcrumbList","@id":"https:\/\/www.petratribute.com\/wp\/discografia\/albuns\/2010-a-2019\/2011-2012-back-to-the-rock-live\/#breadcrumb","itemListElement":[{"@type":"ListItem","position":1,"name":"In\u00edcio","item":"https:\/\/www.petratribute.com\/wp\/"},{"@type":"ListItem","position":2,"name":"Discografia","item":"https:\/\/www.petratribute.com\/wp\/discografia\/"},{"@type":"ListItem","position":3,"name":"\u00c1lbuns","item":"https:\/\/www.petratribute.com\/wp\/discografia\/albuns\/"},{"@type":"ListItem","position":4,"name":"2010 a 2019","item":"https:\/\/www.petratribute.com\/wp\/discografia\/albuns\/2010-a-2019\/"},{"@type":"ListItem","position":5,"name":"2011-2012 &#8211; Back to the Rock Live"}]},{"@type":"WebSite","@id":"https:\/\/www.petratribute.com\/wp\/#website","url":"https:\/\/www.petratribute.com\/wp\/","name":"Petra Tribute","description":"Um tributo a melhor banda de Rock Gospel de todos os tempos","potentialAction":[{"@type":"SearchAction","target":{"@type":"EntryPoint","urlTemplate":"https:\/\/www.petratribute.com\/wp\/?s={search_term_string}"},"query-input":{"@type":"PropertyValueSpecification","valueRequired":true,"valueName":"search_term_string"}}],"inLanguage":"pt-BR"}]}},"_links":{"self":[{"href":"https:\/\/www.petratribute.com\/wp\/wp-json\/wp\/v2\/pages\/4191","targetHints":{"allow":["GET"]}}],"collection":[{"href":"https:\/\/www.petratribute.com\/wp\/wp-json\/wp\/v2\/pages"}],"about":[{"href":"https:\/\/www.petratribute.com\/wp\/wp-json\/wp\/v2\/types\/page"}],"author":[{"embeddable":true,"href":"https:\/\/www.petratribute.com\/wp\/wp-json\/wp\/v2\/users\/2"}],"replies":[{"embeddable":true,"href":"https:\/\/www.petratribute.com\/wp\/wp-json\/wp\/v2\/comments?post=4191"}],"version-history":[{"count":6,"href":"https:\/\/www.petratribute.com\/wp\/wp-json\/wp\/v2\/pages\/4191\/revisions"}],"predecessor-version":[{"id":4277,"href":"https:\/\/www.petratribute.com\/wp\/wp-json\/wp\/v2\/pages\/4191\/revisions\/4277"}],"up":[{"embeddable":true,"href":"https:\/\/www.petratribute.com\/wp\/wp-json\/wp\/v2\/pages\/2307"}],"wp:attachment":[{"href":"https:\/\/www.petratribute.com\/wp\/wp-json\/wp\/v2\/media?parent=4191"}],"curies":[{"name":"wp","href":"https:\/\/api.w.org\/{rel}","templated":true}]}}