{"id":2062,"date":"2013-05-22T14:43:51","date_gmt":"2013-05-22T17:43:51","guid":{"rendered":"http:\/\/www.petratribute.com\/wp\/?page_id=2062"},"modified":"2014-01-18T12:49:03","modified_gmt":"2014-01-18T14:49:03","slug":"mark-kelly","status":"publish","type":"page","link":"https:\/\/www.petratribute.com\/wp\/a-banda\/historia\/baixo\/mark-kelly\/","title":{"rendered":"Mark Kelly"},"content":{"rendered":"<p><em><strong>Mark Dean Kelly<\/strong><\/em>\u00a0nasceu em <em><strong>28 de Junho de 1956<\/strong><\/em>, em <em><strong>Enid<\/strong><\/em>, <em><strong>Oklahoma<\/strong><\/em>.<\/p>\n<div style=\"width: 120px\" class=\"wp-caption alignright\"><img loading=\"lazy\" decoding=\"async\" alt=\"\" src=\"http:\/\/www.petratribute.com\/wp\/wp-content\/images\/faces\/MarkKelly1.jpg\" width=\"120\" height=\"160\" \/><p class=\"wp-caption-text\">Mark Kelly (anos 1980)<\/p><\/div>\n<p><em><strong>Mark Kelly<\/strong><\/em>\u00a0se juntou ao <em><strong>Petra<\/strong><\/em> em <em><strong>1981<\/strong><\/em> e gravou sete \u00e1lbuns, antes de deixar a banda em <em><strong>1987, <\/strong><\/em>ao ser substitu\u00eddo por <em><strong>Ronny Cates.<\/strong><\/em><\/p>\n<p><img loading=\"lazy\" decoding=\"async\" class=\"alignleft\" alt=\"\" src=\"http:\/\/www.petratribute.com\/wp\/wp-content\/images\/faces\/MarkKelly2.jpg\" width=\"300\" height=\"300\" \/>Em <strong>2000<\/strong>, ele ajudou seus companheiros de sua \u00e9poca na banda com os da forma\u00e7\u00e3o de <em><strong>Double Take<\/strong><\/em> a serem indicados para uma homenagem \u00a0no <strong><em>Gospel Music Hall of Fame<\/em><\/strong>.<\/p>\n<p>Em<strong> 2010<\/strong>, a banda se juntou novamente com a forma\u00e7\u00e3o \u00a0Classic Petra, \u00a0e em <em><strong>16 de Novembro de 2010<\/strong> <\/em>lan\u00e7aram <em><strong>Back to the Rock<\/strong>, <\/em>quando anunciaram tamb\u00e9m a \u00a0<em><strong>Back to the Rock World Tour<\/strong><\/em>, que se iniciou na mesma \u00e9poca e excursionou at\u00e9 meados de <strong>2012<\/strong>.<br \/>\n<code><object width=\"560\" height=\"315\" classid=\"clsid:d27cdb6e-ae6d-11cf-96b8-444553540000\" codebase=\"http:\/\/download.macromedia.com\/pub\/shockwave\/cabs\/flash\/swflash.cab#version=6,0,40,0\"><param name=\"allowFullScreen\" value=\"true\" \/><param name=\"allowscriptaccess\" value=\"always\" \/><param name=\"src\" value=\"\/\/www.youtube.com\/v\/tkGywPQEBX8?hl=pt_BR&amp;version=3\" \/><param name=\"allowfullscreen\" value=\"true\" \/><embed width=\"560\" height=\"315\" type=\"application\/x-shockwave-flash\" src=\"\/\/www.youtube.com\/v\/tkGywPQEBX8?hl=pt_BR&amp;version=3\" allowFullScreen=\"true\" allowscriptaccess=\"always\" allowfullscreen=\"true\" \/><\/object><\/code><\/p>\n","protected":false},"excerpt":{"rendered":"<p>Mark Dean Kelly\u00a0nasceu em 28 de Junho de 1956, em Enid, Oklahoma. Mark Kelly\u00a0se juntou ao Petra em 1981 e gravou sete \u00e1lbuns, antes de deixar a banda em 1987, ao ser substitu\u00eddo por Ronny Cates. Em 2000, ele ajudou seus companheiros de sua \u00e9poca na banda com os da forma\u00e7\u00e3o de Double Take a &hellip; <\/p>\n<p><a class=\"more-link btn\" href=\"https:\/\/www.petratribute.com\/wp\/a-banda\/historia\/baixo\/mark-kelly\/\">Continue lendo<\/a><\/p>\n","protected":false},"author":2,"featured_media":0,"parent":2162,"menu_order":3,"comment_status":"open","ping_status":"closed","template":"","meta":{"footnotes":""},"class_list":["post-2062","page","type-page","status-publish","hentry","nodate","item-wrap"],"yoast_head":"<!-- This site is optimized with the Yoast SEO plugin v27.2 - https:\/\/yoast.com\/product\/yoast-seo-wordpress\/ -->\n<title>Mark Kelly - Petra Tribute<\/title>\n<meta name=\"robots\" content=\"index, follow, max-snippet:-1, max-image-preview:large, max-video-preview:-1\" \/>\n<link rel=\"canonical\" href=\"https:\/\/www.petratribute.com\/wp\/a-banda\/historia\/baixo\/mark-kelly\/\" \/>\n<meta property=\"og:locale\" content=\"pt_BR\" \/>\n<meta property=\"og:type\" content=\"article\" \/>\n<meta property=\"og:title\" content=\"Mark Kelly - Petra Tribute\" \/>\n<meta property=\"og:description\" content=\"Mark Dean Kelly\u00a0nasceu em 28 de Junho de 1956, em Enid, Oklahoma. Mark Kelly\u00a0se juntou ao Petra em 1981 e gravou sete \u00e1lbuns, antes de deixar a banda em 1987, ao ser substitu\u00eddo por Ronny Cates. Em 2000, ele ajudou seus companheiros de sua \u00e9poca na banda com os da forma\u00e7\u00e3o de Double Take a &hellip; Continue lendo\" \/>\n<meta property=\"og:url\" content=\"https:\/\/www.petratribute.com\/wp\/a-banda\/historia\/baixo\/mark-kelly\/\" \/>\n<meta property=\"og:site_name\" content=\"Petra Tribute\" \/>\n<meta property=\"article:modified_time\" content=\"2014-01-18T14:49:03+00:00\" \/>\n<meta property=\"og:image\" content=\"http:\/\/www.petratribute.com\/wp\/wp-content\/images\/faces\/MarkKelly1.jpg\" \/>\n<meta name=\"twitter:card\" content=\"summary_large_image\" \/>\n<meta name=\"twitter:label1\" content=\"Est. tempo de leitura\" \/>\n\t<meta name=\"twitter:data1\" content=\"1 minuto\" \/>\n<script type=\"application\/ld+json\" class=\"yoast-schema-graph\">{\"@context\":\"https:\/\/schema.org\",\"@graph\":[{\"@type\":\"WebPage\",\"@id\":\"https:\/\/www.petratribute.com\/wp\/a-banda\/historia\/baixo\/mark-kelly\/\",\"url\":\"https:\/\/www.petratribute.com\/wp\/a-banda\/historia\/baixo\/mark-kelly\/\",\"name\":\"Mark Kelly - Petra Tribute\",\"isPartOf\":{\"@id\":\"https:\/\/www.petratribute.com\/wp\/#website\"},\"primaryImageOfPage\":{\"@id\":\"https:\/\/www.petratribute.com\/wp\/a-banda\/historia\/baixo\/mark-kelly\/#primaryimage\"},\"image\":{\"@id\":\"https:\/\/www.petratribute.com\/wp\/a-banda\/historia\/baixo\/mark-kelly\/#primaryimage\"},\"thumbnailUrl\":\"http:\/\/www.petratribute.com\/wp\/wp-content\/images\/faces\/MarkKelly1.jpg\",\"datePublished\":\"2013-05-22T17:43:51+00:00\",\"dateModified\":\"2014-01-18T14:49:03+00:00\",\"breadcrumb\":{\"@id\":\"https:\/\/www.petratribute.com\/wp\/a-banda\/historia\/baixo\/mark-kelly\/#breadcrumb\"},\"inLanguage\":\"pt-BR\",\"potentialAction\":[{\"@type\":\"ReadAction\",\"target\":[\"https:\/\/www.petratribute.com\/wp\/a-banda\/historia\/baixo\/mark-kelly\/\"]}]},{\"@type\":\"ImageObject\",\"inLanguage\":\"pt-BR\",\"@id\":\"https:\/\/www.petratribute.com\/wp\/a-banda\/historia\/baixo\/mark-kelly\/#primaryimage\",\"url\":\"http:\/\/www.petratribute.com\/wp\/wp-content\/images\/faces\/MarkKelly1.jpg\",\"contentUrl\":\"http:\/\/www.petratribute.com\/wp\/wp-content\/images\/faces\/MarkKelly1.jpg\"},{\"@type\":\"BreadcrumbList\",\"@id\":\"https:\/\/www.petratribute.com\/wp\/a-banda\/historia\/baixo\/mark-kelly\/#breadcrumb\",\"itemListElement\":[{\"@type\":\"ListItem\",\"position\":1,\"name\":\"In\u00edcio\",\"item\":\"https:\/\/www.petratribute.com\/wp\/\"},{\"@type\":\"ListItem\",\"position\":2,\"name\":\"A Banda\",\"item\":\"https:\/\/www.petratribute.com\/wp\/a-banda\/\"},{\"@type\":\"ListItem\",\"position\":3,\"name\":\"Integrantes\",\"item\":\"https:\/\/www.petratribute.com\/wp\/a-banda\/historia\/\"},{\"@type\":\"ListItem\",\"position\":4,\"name\":\"Baixo\",\"item\":\"https:\/\/www.petratribute.com\/wp\/a-banda\/historia\/baixo\/\"},{\"@type\":\"ListItem\",\"position\":5,\"name\":\"Mark Kelly\"}]},{\"@type\":\"WebSite\",\"@id\":\"https:\/\/www.petratribute.com\/wp\/#website\",\"url\":\"https:\/\/www.petratribute.com\/wp\/\",\"name\":\"Petra Tribute\",\"description\":\"Um tributo a melhor banda de Rock Gospel de todos os tempos\",\"potentialAction\":[{\"@type\":\"SearchAction\",\"target\":{\"@type\":\"EntryPoint\",\"urlTemplate\":\"https:\/\/www.petratribute.com\/wp\/?s={search_term_string}\"},\"query-input\":{\"@type\":\"PropertyValueSpecification\",\"valueRequired\":true,\"valueName\":\"search_term_string\"}}],\"inLanguage\":\"pt-BR\"}]}<\/script>\n<!-- \/ Yoast SEO plugin. -->","yoast_head_json":{"title":"Mark Kelly - Petra Tribute","robots":{"index":"index","follow":"follow","max-snippet":"max-snippet:-1","max-image-preview":"max-image-preview:large","max-video-preview":"max-video-preview:-1"},"canonical":"https:\/\/www.petratribute.com\/wp\/a-banda\/historia\/baixo\/mark-kelly\/","og_locale":"pt_BR","og_type":"article","og_title":"Mark Kelly - Petra Tribute","og_description":"Mark Dean Kelly\u00a0nasceu em 28 de Junho de 1956, em Enid, Oklahoma. Mark Kelly\u00a0se juntou ao Petra em 1981 e gravou sete \u00e1lbuns, antes de deixar a banda em 1987, ao ser substitu\u00eddo por Ronny Cates. Em 2000, ele ajudou seus companheiros de sua \u00e9poca na banda com os da forma\u00e7\u00e3o de Double Take a &hellip; Continue lendo","og_url":"https:\/\/www.petratribute.com\/wp\/a-banda\/historia\/baixo\/mark-kelly\/","og_site_name":"Petra Tribute","article_modified_time":"2014-01-18T14:49:03+00:00","og_image":[{"url":"http:\/\/www.petratribute.com\/wp\/wp-content\/images\/faces\/MarkKelly1.jpg","type":"","width":"","height":""}],"twitter_card":"summary_large_image","twitter_misc":{"Est. tempo de leitura":"1 minuto"},"schema":{"@context":"https:\/\/schema.org","@graph":[{"@type":"WebPage","@id":"https:\/\/www.petratribute.com\/wp\/a-banda\/historia\/baixo\/mark-kelly\/","url":"https:\/\/www.petratribute.com\/wp\/a-banda\/historia\/baixo\/mark-kelly\/","name":"Mark Kelly - Petra Tribute","isPartOf":{"@id":"https:\/\/www.petratribute.com\/wp\/#website"},"primaryImageOfPage":{"@id":"https:\/\/www.petratribute.com\/wp\/a-banda\/historia\/baixo\/mark-kelly\/#primaryimage"},"image":{"@id":"https:\/\/www.petratribute.com\/wp\/a-banda\/historia\/baixo\/mark-kelly\/#primaryimage"},"thumbnailUrl":"http:\/\/www.petratribute.com\/wp\/wp-content\/images\/faces\/MarkKelly1.jpg","datePublished":"2013-05-22T17:43:51+00:00","dateModified":"2014-01-18T14:49:03+00:00","breadcrumb":{"@id":"https:\/\/www.petratribute.com\/wp\/a-banda\/historia\/baixo\/mark-kelly\/#breadcrumb"},"inLanguage":"pt-BR","potentialAction":[{"@type":"ReadAction","target":["https:\/\/www.petratribute.com\/wp\/a-banda\/historia\/baixo\/mark-kelly\/"]}]},{"@type":"ImageObject","inLanguage":"pt-BR","@id":"https:\/\/www.petratribute.com\/wp\/a-banda\/historia\/baixo\/mark-kelly\/#primaryimage","url":"http:\/\/www.petratribute.com\/wp\/wp-content\/images\/faces\/MarkKelly1.jpg","contentUrl":"http:\/\/www.petratribute.com\/wp\/wp-content\/images\/faces\/MarkKelly1.jpg"},{"@type":"BreadcrumbList","@id":"https:\/\/www.petratribute.com\/wp\/a-banda\/historia\/baixo\/mark-kelly\/#breadcrumb","itemListElement":[{"@type":"ListItem","position":1,"name":"In\u00edcio","item":"https:\/\/www.petratribute.com\/wp\/"},{"@type":"ListItem","position":2,"name":"A Banda","item":"https:\/\/www.petratribute.com\/wp\/a-banda\/"},{"@type":"ListItem","position":3,"name":"Integrantes","item":"https:\/\/www.petratribute.com\/wp\/a-banda\/historia\/"},{"@type":"ListItem","position":4,"name":"Baixo","item":"https:\/\/www.petratribute.com\/wp\/a-banda\/historia\/baixo\/"},{"@type":"ListItem","position":5,"name":"Mark Kelly"}]},{"@type":"WebSite","@id":"https:\/\/www.petratribute.com\/wp\/#website","url":"https:\/\/www.petratribute.com\/wp\/","name":"Petra Tribute","description":"Um tributo a melhor banda de Rock Gospel de todos os tempos","potentialAction":[{"@type":"SearchAction","target":{"@type":"EntryPoint","urlTemplate":"https:\/\/www.petratribute.com\/wp\/?s={search_term_string}"},"query-input":{"@type":"PropertyValueSpecification","valueRequired":true,"valueName":"search_term_string"}}],"inLanguage":"pt-BR"}]}},"_links":{"self":[{"href":"https:\/\/www.petratribute.com\/wp\/wp-json\/wp\/v2\/pages\/2062","targetHints":{"allow":["GET"]}}],"collection":[{"href":"https:\/\/www.petratribute.com\/wp\/wp-json\/wp\/v2\/pages"}],"about":[{"href":"https:\/\/www.petratribute.com\/wp\/wp-json\/wp\/v2\/types\/page"}],"author":[{"embeddable":true,"href":"https:\/\/www.petratribute.com\/wp\/wp-json\/wp\/v2\/users\/2"}],"replies":[{"embeddable":true,"href":"https:\/\/www.petratribute.com\/wp\/wp-json\/wp\/v2\/comments?post=2062"}],"version-history":[{"count":7,"href":"https:\/\/www.petratribute.com\/wp\/wp-json\/wp\/v2\/pages\/2062\/revisions"}],"predecessor-version":[{"id":2477,"href":"https:\/\/www.petratribute.com\/wp\/wp-json\/wp\/v2\/pages\/2062\/revisions\/2477"}],"up":[{"embeddable":true,"href":"https:\/\/www.petratribute.com\/wp\/wp-json\/wp\/v2\/pages\/2162"}],"wp:attachment":[{"href":"https:\/\/www.petratribute.com\/wp\/wp-json\/wp\/v2\/media?parent=2062"}],"curies":[{"name":"wp","href":"https:\/\/api.w.org\/{rel}","templated":true}]}}