{"id":2004,"date":"2013-05-15T17:36:59","date_gmt":"2013-05-15T20:36:59","guid":{"rendered":"http:\/\/www.petratribute.com\/wp\/?page_id=2004"},"modified":"2014-06-22T12:34:09","modified_gmt":"2014-06-22T15:34:09","slug":"bob-hartman","status":"publish","type":"page","link":"https:\/\/www.petratribute.com\/wp\/a-banda\/historia\/guitarras\/bob-hartman\/","title":{"rendered":"Bob Hartman"},"content":{"rendered":"<p><strong>Robert &#8220;Bob&#8221; Hartman<\/strong>\u00a0nasceu em <strong>26 de dezembro de 1949,<\/strong> em <strong>Lyon<\/strong>, <strong>New York. \u00a0<\/strong>\u00c9 o fundador do <em><strong>Petra<\/strong> <\/em>e, al\u00e9m de ser o guitarrista, \u00e9 o principal\u00a0compositor da banda, sendo que a maioria das can\u00e7\u00f5es da banda \u00e9 de sua autoria. \u00c9 o membro que est\u00e1 a mais tempo\u00a0est\u00e1 com a banda. Pode se dizer, inclusive, que \u00e9 o \u00fanico integrante que jamais saiu da banda pois, apesar de ficar alguns anos atuando apenas nos bastidores, ele sempre esteve presente dirigindo o Petra.<\/p>\n<div style=\"width: 168px\" class=\"wp-caption alignleft\"><img loading=\"lazy\" decoding=\"async\" src=\"http:\/\/www.petratribute.com\/wp\/wp-content\/images\/bobhartman_old.jpg\" alt=\"\" width=\"168\" height=\"250\" \/><p class=\"wp-caption-text\">Bob Hartman (1980\u00b4s)<\/p><\/div>\n<p><strong>Hartman<\/strong>, como um bom autodidata, aprendeu a tocar guitarra quando tinha 13 anos de idade, a partir\u00a0de livros e de ver outras pessoas tocarem. Certa vez disse que uma de suas maiores influ\u00eancias foi <em><strong>Joe Walsh<\/strong><\/em>, membro, naquela \u00e9poca, do <strong>The James Gang<\/strong>.<\/p>\n<p><em><strong>Bob<\/strong><\/em>\u00a0se converteu quando tinha 20 anos. Aos 21, entrou para a\u00a0banda crist\u00e3 <em><strong>Rapture<\/strong><\/em> com <em><strong>John DeGroff<\/strong><\/em>. Durante esse tempo, escreveu algumas das can\u00e7\u00f5es do primeiro \u00e1lbum do <strong>Petra<\/strong>. Tamb\u00e9m estudou na <strong>Bowling Green State University<\/strong>, graduando-se em Psicologia.<\/p>\n<p>Quando o <em><strong>Rapture<\/strong><\/em>\u00a0acabou, <em><strong>DeGroff<\/strong><\/em> mudou-se para <em><strong>Fort Wayne, Indiana<\/strong><\/em> para participar do <em><strong>Centro de Forma\u00e7\u00e3o Crist\u00e3 <\/strong><\/em>(uma escola baseada em uma igreja de l\u00e1). J\u00e1 <em><strong>Hartman<\/strong><\/em> foi tocar com o guitarrista <em><strong>Greg Hough<\/strong><\/em> e ambos se mudaram para <em><strong>Indiana<\/strong><\/em> para participar da mesma escola. Ap\u00f3s encontrarem l\u00e1 o\u00a0baterista <em><strong>Bill Glover,<\/strong><\/em>\u00a0eles formaram o <em><strong>Petra<\/strong><\/em>. <em><strong>Hartman<\/strong><\/em> se tornou o principal (e maior parte do tempo, o \u00fanico) compositor da banda, escrevendo as letras e m\u00fasicas para quase todas as can\u00e7\u00f5es do grupo.<\/p>\n<div style=\"width: 170px\" class=\"wp-caption alignright\"><img loading=\"lazy\" decoding=\"async\" src=\"http:\/\/www.petratribute.com\/wp\/wp-content\/images\/bobhartman_2013.jpg\" alt=\"\" width=\"170\" height=\"286\" \/><p class=\"wp-caption-text\">Bob Hartman (2013)<\/p><\/div>\n<p>Em <em><strong>1995<\/strong><\/em>, sentiu que precisava de fazer uma pausa nas turn\u00eas, mas manteve-se como o l\u00edder da banda, compositor e produtor. Tamb\u00e9m continuou a tocar guitarra em todos os \u00e1lbuns, apesar de n\u00e3o ser destaque nas imagens do \u00e1lbum ou materiais promocionais dos tr\u00eas\u00a0\u00e1lbuns seguintes &#8211; obviamente, <em><strong>Petra Praise 2: We Need Jesus<\/strong><\/em>, <em><strong>God\u00a0Fixation<\/strong><\/em>, e <em><strong>Double Take<\/strong><\/em>.<\/p>\n<p>Em meio \u00e0s lutas da banda durante o final dos anos 90, <em><strong>Hartman<\/strong><\/em>\u00a0decidiu voltar oficialmente em <em><strong>2001<\/strong><\/em> para o lan\u00e7amento do terceiro \u00e1lbum\u00a0de louvor da banda: <em><strong>Revival<\/strong><\/em>. Em 2005, depois de muito pensar e orar, decidiu aposentar a banda ap\u00f3s 33 anos de minist\u00e9rio.<\/p>\n<p>Por\u00e9m, ap\u00f3s esta\u00a0&#8220;aposentadoria&#8221; do Petra, <em><strong>Hartman<\/strong><\/em>\u00a0continuou\u00a0a trabalhar com <em><strong>John Schlitt<\/strong><\/em>, numa dupla intitulada <em><strong>II Guys from Petra<\/strong><\/em>\u00a0e ent\u00e3o lan\u00e7aram em <strong>26 de janeiro de \u00a02007<\/strong>\u00a0o \u00e1lbum intitulado <em><strong>Vertical Expressions<\/strong><\/em>.<\/p>\n<p>Em <em><strong>2010<\/strong><\/em>, <em><strong>Hartman<\/strong><\/em> e outros membros da forma\u00e7\u00e3o cl\u00e1ssica do Petra, reunidos sob o nome de <em><strong>Classic Petra<\/strong><\/em>, lan\u00e7aram um o \u00e1lbum <em><strong>Back to the Rock<\/strong><\/em>.<\/p>\n<p><em><strong>Hartman<\/strong><\/em> \u00e9 casado com <em><strong>Kim Whisonant<\/strong><\/em>. Eles t\u00eam um filho chamado <em><strong>Jeff<\/strong><\/em>. <strong>Bob<\/strong>\u00a0gosta de jogar t\u00eanis, e tamb\u00e9m grava e\u00a0produz m\u00fasica em seu home est\u00fadio chamado <em><strong>House of Bob<\/strong><\/em>. Tamb\u00e9m faz guitarras, que podem ser adquiridas atrav\u00e9s de seu site.<br \/>\n<code><object width=\"420\" height=\"315\"><param name=\"movie\" value=\"\/\/www.youtube.com\/v\/KAI7qKxf5-M?hl=pt_BR&amp;version=3\"><\/param><param name=\"allowFullScreen\" value=\"true\"><\/param><param name=\"allowscriptaccess\" value=\"always\"><\/param><embed src=\"\/\/www.youtube.com\/v\/KAI7qKxf5-M?hl=pt_BR&amp;version=3\" type=\"application\/x-shockwave-flash\" width=\"420\" height=\"315\" allowscriptaccess=\"always\" allowfullscreen=\"true\"><\/embed><\/object><\/code><\/p>\n","protected":false},"excerpt":{"rendered":"<p>Robert &#8220;Bob&#8221; Hartman\u00a0nasceu em 26 de dezembro de 1949, em Lyon, New York. \u00a0\u00c9 o fundador do Petra e, al\u00e9m de ser o guitarrista, \u00e9 o principal\u00a0compositor da banda, sendo que a maioria das can\u00e7\u00f5es da banda \u00e9 de sua autoria. \u00c9 o membro que est\u00e1 a mais tempo\u00a0est\u00e1 com a banda. Pode se dizer, &hellip; <\/p>\n<p><a class=\"more-link btn\" href=\"https:\/\/www.petratribute.com\/wp\/a-banda\/historia\/guitarras\/bob-hartman\/\">Continue lendo<\/a><\/p>\n","protected":false},"author":2,"featured_media":0,"parent":2144,"menu_order":0,"comment_status":"closed","ping_status":"closed","template":"","meta":{"footnotes":""},"class_list":["post-2004","page","type-page","status-publish","hentry","nodate","item-wrap"],"yoast_head":"<!-- This site is optimized with the Yoast SEO plugin v27.2 - https:\/\/yoast.com\/product\/yoast-seo-wordpress\/ -->\n<title>Bob Hartman - Petra Tribute<\/title>\n<meta name=\"robots\" content=\"index, follow, max-snippet:-1, max-image-preview:large, max-video-preview:-1\" \/>\n<link rel=\"canonical\" href=\"https:\/\/www.petratribute.com\/wp\/a-banda\/historia\/guitarras\/bob-hartman\/\" \/>\n<meta property=\"og:locale\" content=\"pt_BR\" \/>\n<meta property=\"og:type\" content=\"article\" \/>\n<meta property=\"og:title\" content=\"Bob Hartman - Petra Tribute\" \/>\n<meta property=\"og:description\" content=\"Robert &#8220;Bob&#8221; Hartman\u00a0nasceu em 26 de dezembro de 1949, em Lyon, New York. \u00a0\u00c9 o fundador do Petra e, al\u00e9m de ser o guitarrista, \u00e9 o principal\u00a0compositor da banda, sendo que a maioria das can\u00e7\u00f5es da banda \u00e9 de sua autoria. \u00c9 o membro que est\u00e1 a mais tempo\u00a0est\u00e1 com a banda. Pode se dizer, &hellip; Continue lendo\" \/>\n<meta property=\"og:url\" content=\"https:\/\/www.petratribute.com\/wp\/a-banda\/historia\/guitarras\/bob-hartman\/\" \/>\n<meta property=\"og:site_name\" content=\"Petra Tribute\" \/>\n<meta property=\"article:modified_time\" content=\"2014-06-22T15:34:09+00:00\" \/>\n<meta property=\"og:image\" content=\"http:\/\/www.petratribute.com\/wp\/wp-content\/images\/bobhartman_old.jpg\" \/>\n<meta name=\"twitter:card\" content=\"summary_large_image\" \/>\n<meta name=\"twitter:label1\" content=\"Est. tempo de leitura\" \/>\n\t<meta name=\"twitter:data1\" content=\"2 minutos\" \/>\n<script type=\"application\/ld+json\" class=\"yoast-schema-graph\">{\"@context\":\"https:\/\/schema.org\",\"@graph\":[{\"@type\":\"WebPage\",\"@id\":\"https:\/\/www.petratribute.com\/wp\/a-banda\/historia\/guitarras\/bob-hartman\/\",\"url\":\"https:\/\/www.petratribute.com\/wp\/a-banda\/historia\/guitarras\/bob-hartman\/\",\"name\":\"Bob Hartman - Petra Tribute\",\"isPartOf\":{\"@id\":\"https:\/\/www.petratribute.com\/wp\/#website\"},\"primaryImageOfPage\":{\"@id\":\"https:\/\/www.petratribute.com\/wp\/a-banda\/historia\/guitarras\/bob-hartman\/#primaryimage\"},\"image\":{\"@id\":\"https:\/\/www.petratribute.com\/wp\/a-banda\/historia\/guitarras\/bob-hartman\/#primaryimage\"},\"thumbnailUrl\":\"http:\/\/www.petratribute.com\/wp\/wp-content\/images\/bobhartman_old.jpg\",\"datePublished\":\"2013-05-15T20:36:59+00:00\",\"dateModified\":\"2014-06-22T15:34:09+00:00\",\"breadcrumb\":{\"@id\":\"https:\/\/www.petratribute.com\/wp\/a-banda\/historia\/guitarras\/bob-hartman\/#breadcrumb\"},\"inLanguage\":\"pt-BR\",\"potentialAction\":[{\"@type\":\"ReadAction\",\"target\":[\"https:\/\/www.petratribute.com\/wp\/a-banda\/historia\/guitarras\/bob-hartman\/\"]}]},{\"@type\":\"ImageObject\",\"inLanguage\":\"pt-BR\",\"@id\":\"https:\/\/www.petratribute.com\/wp\/a-banda\/historia\/guitarras\/bob-hartman\/#primaryimage\",\"url\":\"http:\/\/www.petratribute.com\/wp\/wp-content\/images\/bobhartman_old.jpg\",\"contentUrl\":\"http:\/\/www.petratribute.com\/wp\/wp-content\/images\/bobhartman_old.jpg\"},{\"@type\":\"BreadcrumbList\",\"@id\":\"https:\/\/www.petratribute.com\/wp\/a-banda\/historia\/guitarras\/bob-hartman\/#breadcrumb\",\"itemListElement\":[{\"@type\":\"ListItem\",\"position\":1,\"name\":\"In\u00edcio\",\"item\":\"https:\/\/www.petratribute.com\/wp\/\"},{\"@type\":\"ListItem\",\"position\":2,\"name\":\"A Banda\",\"item\":\"https:\/\/www.petratribute.com\/wp\/a-banda\/\"},{\"@type\":\"ListItem\",\"position\":3,\"name\":\"Integrantes\",\"item\":\"https:\/\/www.petratribute.com\/wp\/a-banda\/historia\/\"},{\"@type\":\"ListItem\",\"position\":4,\"name\":\"Guitarras\",\"item\":\"https:\/\/www.petratribute.com\/wp\/a-banda\/historia\/guitarras\/\"},{\"@type\":\"ListItem\",\"position\":5,\"name\":\"Bob Hartman\"}]},{\"@type\":\"WebSite\",\"@id\":\"https:\/\/www.petratribute.com\/wp\/#website\",\"url\":\"https:\/\/www.petratribute.com\/wp\/\",\"name\":\"Petra Tribute\",\"description\":\"Um tributo a melhor banda de Rock Gospel de todos os tempos\",\"potentialAction\":[{\"@type\":\"SearchAction\",\"target\":{\"@type\":\"EntryPoint\",\"urlTemplate\":\"https:\/\/www.petratribute.com\/wp\/?s={search_term_string}\"},\"query-input\":{\"@type\":\"PropertyValueSpecification\",\"valueRequired\":true,\"valueName\":\"search_term_string\"}}],\"inLanguage\":\"pt-BR\"}]}<\/script>\n<!-- \/ Yoast SEO plugin. -->","yoast_head_json":{"title":"Bob Hartman - Petra Tribute","robots":{"index":"index","follow":"follow","max-snippet":"max-snippet:-1","max-image-preview":"max-image-preview:large","max-video-preview":"max-video-preview:-1"},"canonical":"https:\/\/www.petratribute.com\/wp\/a-banda\/historia\/guitarras\/bob-hartman\/","og_locale":"pt_BR","og_type":"article","og_title":"Bob Hartman - Petra Tribute","og_description":"Robert &#8220;Bob&#8221; Hartman\u00a0nasceu em 26 de dezembro de 1949, em Lyon, New York. \u00a0\u00c9 o fundador do Petra e, al\u00e9m de ser o guitarrista, \u00e9 o principal\u00a0compositor da banda, sendo que a maioria das can\u00e7\u00f5es da banda \u00e9 de sua autoria. \u00c9 o membro que est\u00e1 a mais tempo\u00a0est\u00e1 com a banda. Pode se dizer, &hellip; Continue lendo","og_url":"https:\/\/www.petratribute.com\/wp\/a-banda\/historia\/guitarras\/bob-hartman\/","og_site_name":"Petra Tribute","article_modified_time":"2014-06-22T15:34:09+00:00","og_image":[{"url":"http:\/\/www.petratribute.com\/wp\/wp-content\/images\/bobhartman_old.jpg","type":"","width":"","height":""}],"twitter_card":"summary_large_image","twitter_misc":{"Est. tempo de leitura":"2 minutos"},"schema":{"@context":"https:\/\/schema.org","@graph":[{"@type":"WebPage","@id":"https:\/\/www.petratribute.com\/wp\/a-banda\/historia\/guitarras\/bob-hartman\/","url":"https:\/\/www.petratribute.com\/wp\/a-banda\/historia\/guitarras\/bob-hartman\/","name":"Bob Hartman - Petra Tribute","isPartOf":{"@id":"https:\/\/www.petratribute.com\/wp\/#website"},"primaryImageOfPage":{"@id":"https:\/\/www.petratribute.com\/wp\/a-banda\/historia\/guitarras\/bob-hartman\/#primaryimage"},"image":{"@id":"https:\/\/www.petratribute.com\/wp\/a-banda\/historia\/guitarras\/bob-hartman\/#primaryimage"},"thumbnailUrl":"http:\/\/www.petratribute.com\/wp\/wp-content\/images\/bobhartman_old.jpg","datePublished":"2013-05-15T20:36:59+00:00","dateModified":"2014-06-22T15:34:09+00:00","breadcrumb":{"@id":"https:\/\/www.petratribute.com\/wp\/a-banda\/historia\/guitarras\/bob-hartman\/#breadcrumb"},"inLanguage":"pt-BR","potentialAction":[{"@type":"ReadAction","target":["https:\/\/www.petratribute.com\/wp\/a-banda\/historia\/guitarras\/bob-hartman\/"]}]},{"@type":"ImageObject","inLanguage":"pt-BR","@id":"https:\/\/www.petratribute.com\/wp\/a-banda\/historia\/guitarras\/bob-hartman\/#primaryimage","url":"http:\/\/www.petratribute.com\/wp\/wp-content\/images\/bobhartman_old.jpg","contentUrl":"http:\/\/www.petratribute.com\/wp\/wp-content\/images\/bobhartman_old.jpg"},{"@type":"BreadcrumbList","@id":"https:\/\/www.petratribute.com\/wp\/a-banda\/historia\/guitarras\/bob-hartman\/#breadcrumb","itemListElement":[{"@type":"ListItem","position":1,"name":"In\u00edcio","item":"https:\/\/www.petratribute.com\/wp\/"},{"@type":"ListItem","position":2,"name":"A Banda","item":"https:\/\/www.petratribute.com\/wp\/a-banda\/"},{"@type":"ListItem","position":3,"name":"Integrantes","item":"https:\/\/www.petratribute.com\/wp\/a-banda\/historia\/"},{"@type":"ListItem","position":4,"name":"Guitarras","item":"https:\/\/www.petratribute.com\/wp\/a-banda\/historia\/guitarras\/"},{"@type":"ListItem","position":5,"name":"Bob Hartman"}]},{"@type":"WebSite","@id":"https:\/\/www.petratribute.com\/wp\/#website","url":"https:\/\/www.petratribute.com\/wp\/","name":"Petra Tribute","description":"Um tributo a melhor banda de Rock Gospel de todos os tempos","potentialAction":[{"@type":"SearchAction","target":{"@type":"EntryPoint","urlTemplate":"https:\/\/www.petratribute.com\/wp\/?s={search_term_string}"},"query-input":{"@type":"PropertyValueSpecification","valueRequired":true,"valueName":"search_term_string"}}],"inLanguage":"pt-BR"}]}},"_links":{"self":[{"href":"https:\/\/www.petratribute.com\/wp\/wp-json\/wp\/v2\/pages\/2004","targetHints":{"allow":["GET"]}}],"collection":[{"href":"https:\/\/www.petratribute.com\/wp\/wp-json\/wp\/v2\/pages"}],"about":[{"href":"https:\/\/www.petratribute.com\/wp\/wp-json\/wp\/v2\/types\/page"}],"author":[{"embeddable":true,"href":"https:\/\/www.petratribute.com\/wp\/wp-json\/wp\/v2\/users\/2"}],"replies":[{"embeddable":true,"href":"https:\/\/www.petratribute.com\/wp\/wp-json\/wp\/v2\/comments?post=2004"}],"version-history":[{"count":8,"href":"https:\/\/www.petratribute.com\/wp\/wp-json\/wp\/v2\/pages\/2004\/revisions"}],"predecessor-version":[{"id":2523,"href":"https:\/\/www.petratribute.com\/wp\/wp-json\/wp\/v2\/pages\/2004\/revisions\/2523"}],"up":[{"embeddable":true,"href":"https:\/\/www.petratribute.com\/wp\/wp-json\/wp\/v2\/pages\/2144"}],"wp:attachment":[{"href":"https:\/\/www.petratribute.com\/wp\/wp-json\/wp\/v2\/media?parent=2004"}],"curies":[{"name":"wp","href":"https:\/\/api.w.org\/{rel}","templated":true}]}}